{"id":924,"date":"2017-12-07T15:36:38","date_gmt":"2017-12-07T14:36:38","guid":{"rendered":"http:\/\/www.metalltechnik-fasthuber.at\/?page_id=924"},"modified":"2026-04-27T08:36:57","modified_gmt":"2026-04-27T06:36:57","slug":"reifenservice","status":"publish","type":"page","link":"https:\/\/www.metalltechnik-fasthuber.at\/?page_id=924","title":{"rendered":"Reifenservice"},"content":{"rendered":"\n<p class=\"has-text-align-left\">Lassen Sie Ihren Reifen rechtzeitig f\u00fcr den Sommer oder Winter wechseln.<br> Sie k\u00f6nnen bei uns Ihre Komplettr\u00e4der und die dazu passenden Felgen aus Stahl oder Alu bestellen. Ob f\u00fcr Auto, Anh\u00e4nger oder Traktor, wir werden die passende Bereifung f\u00fcr Sie finden.<\/p>\n\n\n\n<p>Wir bieten Ihnen den kompletten Service:<br>\nWechseln, Umstecken, Ummontieren, Wuchten.<\/p>\n\n\n\n<figure class=\"wp-block-gallery has-nested-images columns-default is-cropped wp-block-gallery-1 is-layout-flex wp-block-gallery-is-layout-flex\">\n<figure class=\"wp-block-image size-large\"><img loading=\"lazy\" decoding=\"async\" width=\"683\" height=\"1024\" data-id=\"622\" src=\"https:\/\/www.metalltechnik-fasthuber.at\/wp-content\/uploads\/2016\/12\/K1600_DSC_0061-683x1024.jpg\" alt=\"\" class=\"wp-image-622\" srcset=\"https:\/\/www.metalltechnik-fasthuber.at\/wp-content\/uploads\/2016\/12\/K1600_DSC_0061-683x1024.jpg 683w, https:\/\/www.metalltechnik-fasthuber.at\/wp-content\/uploads\/2016\/12\/K1600_DSC_0061-200x300.jpg 200w, https:\/\/www.metalltechnik-fasthuber.at\/wp-content\/uploads\/2016\/12\/K1600_DSC_0061-768x1152.jpg 768w, https:\/\/www.metalltechnik-fasthuber.at\/wp-content\/uploads\/2016\/12\/K1600_DSC_0061.jpg 1200w\" sizes=\"auto, (max-width: 683px) 100vw, 683px\" \/><\/figure>\n\n\n\n<figure class=\"wp-block-image size-large\"><img loading=\"lazy\" decoding=\"async\" width=\"1024\" height=\"768\" data-id=\"976\" src=\"https:\/\/www.metalltechnik-fasthuber.at\/wp-content\/uploads\/2018\/02\/Reifen-montieren-1024x768.jpg\" alt=\"\" class=\"wp-image-976\" srcset=\"https:\/\/www.metalltechnik-fasthuber.at\/wp-content\/uploads\/2018\/02\/Reifen-montieren-1024x768.jpg 1024w, https:\/\/www.metalltechnik-fasthuber.at\/wp-content\/uploads\/2018\/02\/Reifen-montieren-300x225.jpg 300w, https:\/\/www.metalltechnik-fasthuber.at\/wp-content\/uploads\/2018\/02\/Reifen-montieren-768x576.jpg 768w, https:\/\/www.metalltechnik-fasthuber.at\/wp-content\/uploads\/2018\/02\/Reifen-montieren-1200x900.jpg 1200w\" sizes=\"auto, (max-width: 1024px) 100vw, 1024px\" \/><\/figure>\n<\/figure>\n","protected":false},"excerpt":{"rendered":"<p>Lassen Sie Ihren Reifen rechtzeitig f\u00fcr den Sommer oder Winter wechseln. Sie k\u00f6nnen bei uns Ihre Komplettr\u00e4der und die dazu passenden Felgen aus Stahl oder Alu bestellen. Ob f\u00fcr Auto, Anh\u00e4nger oder Traktor, wir werden die passende Bereifung f\u00fcr Sie finden. Wir bieten Ihnen den kompletten Service: Wechseln, Umstecken, Ummontieren, Wuchten.<\/p>\n","protected":false},"author":3,"featured_media":0,"parent":0,"menu_order":0,"comment_status":"closed","ping_status":"closed","template":"","meta":{"footnotes":""},"class_list":["post-924","page","type-page","status-publish","hentry"],"_links":{"self":[{"href":"https:\/\/www.metalltechnik-fasthuber.at\/index.php?rest_route=\/wp\/v2\/pages\/924","targetHints":{"allow":["GET"]}}],"collection":[{"href":"https:\/\/www.metalltechnik-fasthuber.at\/index.php?rest_route=\/wp\/v2\/pages"}],"about":[{"href":"https:\/\/www.metalltechnik-fasthuber.at\/index.php?rest_route=\/wp\/v2\/types\/page"}],"author":[{"embeddable":true,"href":"https:\/\/www.metalltechnik-fasthuber.at\/index.php?rest_route=\/wp\/v2\/users\/3"}],"replies":[{"embeddable":true,"href":"https:\/\/www.metalltechnik-fasthuber.at\/index.php?rest_route=%2Fwp%2Fv2%2Fcomments&post=924"}],"version-history":[{"count":24,"href":"https:\/\/www.metalltechnik-fasthuber.at\/index.php?rest_route=\/wp\/v2\/pages\/924\/revisions"}],"predecessor-version":[{"id":1656,"href":"https:\/\/www.metalltechnik-fasthuber.at\/index.php?rest_route=\/wp\/v2\/pages\/924\/revisions\/1656"}],"wp:attachment":[{"href":"https:\/\/www.metalltechnik-fasthuber.at\/index.php?rest_route=%2Fwp%2Fv2%2Fmedia&parent=924"}],"curies":[{"name":"wp","href":"https:\/\/api.w.org\/{rel}","templated":true}]}}