{"id":92,"date":"2016-10-02T15:57:00","date_gmt":"2016-10-02T13:57:00","guid":{"rendered":"http:\/\/www.metalltechnik-fasthuber.at\/?page_id=92"},"modified":"2025-07-31T11:28:10","modified_gmt":"2025-07-31T09:28:10","slug":"forsttechnik","status":"publish","type":"page","link":"https:\/\/www.metalltechnik-fasthuber.at\/?page_id=92","title":{"rendered":"Forsttechnik"},"content":{"rendered":"\n<p>Bei uns bekommen Sie von der kleinen Motors\u00e4ge f\u00fcr den gelegentlichen Gebrauch, bis zur gro\u00dfen Motors\u00e4ge f\u00fcr die professionelle Forstarbeit jedes Modell. Auch die passende Schutzbekleidung ist bei uns zu finden.<\/p>\n\n\n\n<figure class=\"wp-block-gallery has-nested-images columns-default is-cropped wp-block-gallery-1 is-layout-flex wp-block-gallery-is-layout-flex\">\n<figure class=\"wp-block-image size-large\"><img loading=\"lazy\" decoding=\"async\" width=\"1024\" height=\"673\" data-id=\"876\" src=\"https:\/\/www.metalltechnik-fasthuber.at\/wp-content\/uploads\/2017\/11\/husqvarna-560-xp-1024x673.jpg\" alt=\"\" class=\"wp-image-876\" srcset=\"https:\/\/www.metalltechnik-fasthuber.at\/wp-content\/uploads\/2017\/11\/husqvarna-560-xp.jpg 1024w, https:\/\/www.metalltechnik-fasthuber.at\/wp-content\/uploads\/2017\/11\/husqvarna-560-xp-300x197.jpg 300w, https:\/\/www.metalltechnik-fasthuber.at\/wp-content\/uploads\/2017\/11\/husqvarna-560-xp-768x505.jpg 768w\" sizes=\"auto, (max-width: 1024px) 100vw, 1024px\" \/><\/figure>\n\n\n\n<figure class=\"wp-block-image size-large\"><img loading=\"lazy\" decoding=\"async\" width=\"1024\" height=\"805\" data-id=\"877\" src=\"https:\/\/www.metalltechnik-fasthuber.at\/wp-content\/uploads\/2017\/11\/husqvarna-zubehoer-forst-garten-geraete-forsttechnik-1024x805.jpg\" alt=\"\" class=\"wp-image-877\" srcset=\"https:\/\/www.metalltechnik-fasthuber.at\/wp-content\/uploads\/2017\/11\/husqvarna-zubehoer-forst-garten-geraete-forsttechnik-1024x805.jpg 1024w, https:\/\/www.metalltechnik-fasthuber.at\/wp-content\/uploads\/2017\/11\/husqvarna-zubehoer-forst-garten-geraete-forsttechnik-300x236.jpg 300w, https:\/\/www.metalltechnik-fasthuber.at\/wp-content\/uploads\/2017\/11\/husqvarna-zubehoer-forst-garten-geraete-forsttechnik-768x603.jpg 768w, https:\/\/www.metalltechnik-fasthuber.at\/wp-content\/uploads\/2017\/11\/husqvarna-zubehoer-forst-garten-geraete-forsttechnik-1200x943.jpg 1200w, https:\/\/www.metalltechnik-fasthuber.at\/wp-content\/uploads\/2017\/11\/husqvarna-zubehoer-forst-garten-geraete-forsttechnik.jpg 1680w\" sizes=\"auto, (max-width: 1024px) 100vw, 1024px\" \/><\/figure>\n\n\n\n<figure class=\"wp-block-image size-large\"><img loading=\"lazy\" decoding=\"async\" width=\"1024\" height=\"512\" data-id=\"878\" src=\"https:\/\/www.metalltechnik-fasthuber.at\/wp-content\/uploads\/2017\/11\/Motors\u00e4gen-1024x512.jpg\" alt=\"\" class=\"wp-image-878\" srcset=\"https:\/\/www.metalltechnik-fasthuber.at\/wp-content\/uploads\/2017\/11\/Motors\u00e4gen-1024x512.jpg 1024w, https:\/\/www.metalltechnik-fasthuber.at\/wp-content\/uploads\/2017\/11\/Motors\u00e4gen-300x150.jpg 300w, https:\/\/www.metalltechnik-fasthuber.at\/wp-content\/uploads\/2017\/11\/Motors\u00e4gen-768x384.jpg 768w, https:\/\/www.metalltechnik-fasthuber.at\/wp-content\/uploads\/2017\/11\/Motors\u00e4gen-1200x600.jpg 1200w, https:\/\/www.metalltechnik-fasthuber.at\/wp-content\/uploads\/2017\/11\/Motors\u00e4gen.jpg 1600w\" sizes=\"auto, (max-width: 1024px) 100vw, 1024px\" \/><\/figure>\n\n\n\n<figure class=\"wp-block-image size-large\"><img loading=\"lazy\" decoding=\"async\" width=\"596\" height=\"1000\" data-id=\"888\" src=\"https:\/\/www.metalltechnik-fasthuber.at\/wp-content\/uploads\/2017\/12\/Kienesberger-Holzspalter.jpg\" alt=\"\" class=\"wp-image-888\" srcset=\"https:\/\/www.metalltechnik-fasthuber.at\/wp-content\/uploads\/2017\/12\/Kienesberger-Holzspalter.jpg 596w, https:\/\/www.metalltechnik-fasthuber.at\/wp-content\/uploads\/2017\/12\/Kienesberger-Holzspalter-179x300.jpg 179w\" sizes=\"auto, (max-width: 596px) 100vw, 596px\" \/><\/figure>\n\n\n\n<figure class=\"wp-block-image size-large\"><img loading=\"lazy\" decoding=\"async\" width=\"581\" height=\"279\" data-id=\"898\" src=\"https:\/\/www.metalltechnik-fasthuber.at\/wp-content\/uploads\/2017\/12\/Kienesberger-Kreiss\u00e4ge-1.jpg\" alt=\"\" class=\"wp-image-898\" srcset=\"https:\/\/www.metalltechnik-fasthuber.at\/wp-content\/uploads\/2017\/12\/Kienesberger-Kreiss\u00e4ge-1.jpg 581w, https:\/\/www.metalltechnik-fasthuber.at\/wp-content\/uploads\/2017\/12\/Kienesberger-Kreiss\u00e4ge-1-300x144.jpg 300w\" sizes=\"auto, (max-width: 581px) 100vw, 581px\" \/><\/figure>\n\n\n\n<figure class=\"wp-block-image size-large\"><img loading=\"lazy\" decoding=\"async\" width=\"600\" height=\"400\" data-id=\"894\" src=\"https:\/\/www.metalltechnik-fasthuber.at\/wp-content\/uploads\/2017\/12\/R\u00fcckewagen.png\" alt=\"\" class=\"wp-image-894\" srcset=\"https:\/\/www.metalltechnik-fasthuber.at\/wp-content\/uploads\/2017\/12\/R\u00fcckewagen.png 600w, https:\/\/www.metalltechnik-fasthuber.at\/wp-content\/uploads\/2017\/12\/R\u00fcckewagen-300x200.png 300w\" sizes=\"auto, (max-width: 600px) 100vw, 600px\" \/><\/figure>\n\n\n\n<figure class=\"wp-block-image size-large\"><img loading=\"lazy\" decoding=\"async\" width=\"1000\" height=\"538\" data-id=\"890\" src=\"https:\/\/www.metalltechnik-fasthuber.at\/wp-content\/uploads\/2017\/12\/krpan-Seilwinde-65.jpg\" alt=\"\" class=\"wp-image-890\" srcset=\"https:\/\/www.metalltechnik-fasthuber.at\/wp-content\/uploads\/2017\/12\/krpan-Seilwinde-65.jpg 1000w, https:\/\/www.metalltechnik-fasthuber.at\/wp-content\/uploads\/2017\/12\/krpan-Seilwinde-65-300x161.jpg 300w, https:\/\/www.metalltechnik-fasthuber.at\/wp-content\/uploads\/2017\/12\/krpan-Seilwinde-65-768x413.jpg 768w\" sizes=\"auto, (max-width: 1000px) 100vw, 1000px\" \/><\/figure>\n\n\n\n<figure class=\"wp-block-image size-large\"><img loading=\"lazy\" decoding=\"async\" width=\"460\" height=\"204\" data-id=\"891\" src=\"https:\/\/www.metalltechnik-fasthuber.at\/wp-content\/uploads\/2017\/12\/ochsenkopf-aexte.jpg\" alt=\"\" class=\"wp-image-891\" srcset=\"https:\/\/www.metalltechnik-fasthuber.at\/wp-content\/uploads\/2017\/12\/ochsenkopf-aexte.jpg 460w, https:\/\/www.metalltechnik-fasthuber.at\/wp-content\/uploads\/2017\/12\/ochsenkopf-aexte-300x133.jpg 300w\" sizes=\"auto, (max-width: 460px) 100vw, 460px\" \/><\/figure>\n<\/figure>\n\n\n\n<p class=\"has-text-align-left\">Unsere Partnerunternehmen:<br><a href=\"http:\/\/www.husqvarna.com\/at\/\">Husqvarna<\/a><br><a href=\"http:\/\/www.binderberger.com\/web\/\">Binderberger<\/a><br><a href=\"http:\/\/www.kienesberger.info\/\">Kienesberger<br><\/a><a href=\"http:\/\/www.vitli-krpan.com\/de\/\">Krpan<br><\/a><a href=\"http:\/\/www.ochsenkopf.com\/\">Ochsenkopf<\/a><\/p>\n","protected":false},"excerpt":{"rendered":"<p>Bei uns bekommen Sie von der kleinen Motors\u00e4ge f\u00fcr den gelegentlichen Gebrauch, bis zur gro\u00dfen Motors\u00e4ge f\u00fcr die professionelle Forstarbeit jedes Modell. Auch die passende Schutzbekleidung ist bei uns zu finden. Unsere Partnerunternehmen:HusqvarnaBinderbergerKienesbergerKrpanOchsenkopf<\/p>\n","protected":false},"author":3,"featured_media":0,"parent":45,"menu_order":0,"comment_status":"closed","ping_status":"closed","template":"full-width-page.php","meta":{"footnotes":""},"class_list":["post-92","page","type-page","status-publish","hentry"],"_links":{"self":[{"href":"https:\/\/www.metalltechnik-fasthuber.at\/index.php?rest_route=\/wp\/v2\/pages\/92","targetHints":{"allow":["GET"]}}],"collection":[{"href":"https:\/\/www.metalltechnik-fasthuber.at\/index.php?rest_route=\/wp\/v2\/pages"}],"about":[{"href":"https:\/\/www.metalltechnik-fasthuber.at\/index.php?rest_route=\/wp\/v2\/types\/page"}],"author":[{"embeddable":true,"href":"https:\/\/www.metalltechnik-fasthuber.at\/index.php?rest_route=\/wp\/v2\/users\/3"}],"replies":[{"embeddable":true,"href":"https:\/\/www.metalltechnik-fasthuber.at\/index.php?rest_route=%2Fwp%2Fv2%2Fcomments&post=92"}],"version-history":[{"count":15,"href":"https:\/\/www.metalltechnik-fasthuber.at\/index.php?rest_route=\/wp\/v2\/pages\/92\/revisions"}],"predecessor-version":[{"id":1628,"href":"https:\/\/www.metalltechnik-fasthuber.at\/index.php?rest_route=\/wp\/v2\/pages\/92\/revisions\/1628"}],"up":[{"embeddable":true,"href":"https:\/\/www.metalltechnik-fasthuber.at\/index.php?rest_route=\/wp\/v2\/pages\/45"}],"wp:attachment":[{"href":"https:\/\/www.metalltechnik-fasthuber.at\/index.php?rest_route=%2Fwp%2Fv2%2Fmedia&parent=92"}],"curies":[{"name":"wp","href":"https:\/\/api.w.org\/{rel}","templated":true}]}}