{"id":695,"date":"2017-11-16T17:05:53","date_gmt":"2017-11-16T16:05:53","guid":{"rendered":"http:\/\/www.metalltechnik-fasthuber.at\/?page_id=695"},"modified":"2025-07-31T11:11:25","modified_gmt":"2025-07-31T09:11:25","slug":"kinderartikel","status":"publish","type":"page","link":"https:\/\/www.metalltechnik-fasthuber.at\/?page_id=695","title":{"rendered":"Kinderartikel"},"content":{"rendered":"\n<p>Bei uns bekommt ihr von Husqvarna Spielzeugprodukte f\u00fcr die Kinder zum mithelfen.<br>S\u00e4ge, Werkzeugg\u00fcrtel, Sense, Blasger\u00e4t, Heckenschere, Rasenm\u00e4her oder Automower, da wird die Gartenarbeit f\u00fcr Kinder ein gro\u00dfer Spa\u00df.<\/p>\n\n\n\n<figure class=\"wp-block-gallery has-nested-images columns-default is-cropped wp-block-gallery-1 is-layout-flex wp-block-gallery-is-layout-flex\">\n<figure class=\"wp-block-image size-large\"><img loading=\"lazy\" decoding=\"async\" width=\"299\" height=\"169\" data-id=\"1114\" src=\"https:\/\/www.metalltechnik-fasthuber.at\/wp-content\/uploads\/2019\/02\/Husqvarna-Spielzeugs\u00e4ge.jpg\" alt=\"\" class=\"wp-image-1114\"\/><\/figure>\n\n\n\n<figure class=\"wp-block-image size-large\"><img loading=\"lazy\" decoding=\"async\" width=\"800\" height=\"440\" data-id=\"1613\" src=\"https:\/\/www.metalltechnik-fasthuber.at\/wp-content\/uploads\/2025\/07\/IV-193924.webp\" alt=\"\" class=\"wp-image-1613\" srcset=\"https:\/\/www.metalltechnik-fasthuber.at\/wp-content\/uploads\/2025\/07\/IV-193924.webp 800w, https:\/\/www.metalltechnik-fasthuber.at\/wp-content\/uploads\/2025\/07\/IV-193924-300x165.webp 300w, https:\/\/www.metalltechnik-fasthuber.at\/wp-content\/uploads\/2025\/07\/IV-193924-768x422.webp 768w\" sizes=\"auto, (max-width: 800px) 100vw, 800px\" \/><\/figure>\n\n\n\n<figure class=\"wp-block-image size-large\"><img loading=\"lazy\" decoding=\"async\" width=\"800\" height=\"440\" data-id=\"1611\" src=\"https:\/\/www.metalltechnik-fasthuber.at\/wp-content\/uploads\/2025\/07\/IS-207372.webp\" alt=\"\" class=\"wp-image-1611\" srcset=\"https:\/\/www.metalltechnik-fasthuber.at\/wp-content\/uploads\/2025\/07\/IS-207372.webp 800w, https:\/\/www.metalltechnik-fasthuber.at\/wp-content\/uploads\/2025\/07\/IS-207372-300x165.webp 300w, https:\/\/www.metalltechnik-fasthuber.at\/wp-content\/uploads\/2025\/07\/IS-207372-768x422.webp 768w\" sizes=\"auto, (max-width: 800px) 100vw, 800px\" \/><\/figure>\n\n\n\n<figure class=\"wp-block-image size-large\"><img loading=\"lazy\" decoding=\"async\" width=\"300\" height=\"169\" data-id=\"1206\" src=\"https:\/\/www.metalltechnik-fasthuber.at\/wp-content\/uploads\/2019\/08\/Blasger\u00e4t-1.png\" alt=\"\" class=\"wp-image-1206\"\/><\/figure>\n\n\n\n<figure class=\"wp-block-image size-large\"><img loading=\"lazy\" decoding=\"async\" width=\"800\" height=\"440\" data-id=\"1612\" src=\"https:\/\/www.metalltechnik-fasthuber.at\/wp-content\/uploads\/2025\/07\/MT-280701.webp\" alt=\"\" class=\"wp-image-1612\" srcset=\"https:\/\/www.metalltechnik-fasthuber.at\/wp-content\/uploads\/2025\/07\/MT-280701.webp 800w, https:\/\/www.metalltechnik-fasthuber.at\/wp-content\/uploads\/2025\/07\/MT-280701-300x165.webp 300w, https:\/\/www.metalltechnik-fasthuber.at\/wp-content\/uploads\/2025\/07\/MT-280701-768x422.webp 768w\" sizes=\"auto, (max-width: 800px) 100vw, 800px\" \/><\/figure>\n\n\n\n<figure class=\"wp-block-image size-large\"><img loading=\"lazy\" decoding=\"async\" width=\"300\" height=\"165\" data-id=\"1205\" src=\"https:\/\/www.metalltechnik-fasthuber.at\/wp-content\/uploads\/2019\/08\/Heckenschere-1.png\" alt=\"\" class=\"wp-image-1205\"\/><\/figure>\n\n\n\n<figure class=\"wp-block-image size-large\"><img decoding=\"async\" data-id=\"1168\" src=\"https:\/\/www.metalltechnik-fasthuber.at\/wp-content\/uploads\/2019\/03\/Rasenm\u00e4her.png\" alt=\"\" class=\"wp-image-1168\"\/><\/figure>\n\n\n\n<figure class=\"wp-block-image size-large\"><img loading=\"lazy\" decoding=\"async\" width=\"680\" height=\"443\" data-id=\"1412\" src=\"https:\/\/www.metalltechnik-fasthuber.at\/wp-content\/uploads\/2020\/03\/Automower.png\" alt=\"\" class=\"wp-image-1412\" srcset=\"https:\/\/www.metalltechnik-fasthuber.at\/wp-content\/uploads\/2020\/03\/Automower.png 680w, https:\/\/www.metalltechnik-fasthuber.at\/wp-content\/uploads\/2020\/03\/Automower-300x195.png 300w\" sizes=\"auto, (max-width: 680px) 100vw, 680px\" \/><\/figure>\n<\/figure>\n\n\n\n<p><\/p>\n\n\n\n<p><\/p>\n\n\n\n<p><\/p>\n","protected":false},"excerpt":{"rendered":"<p>Bei uns bekommt ihr von Husqvarna Spielzeugprodukte f\u00fcr die Kinder zum mithelfen.S\u00e4ge, Werkzeugg\u00fcrtel, Sense, Blasger\u00e4t, Heckenschere, Rasenm\u00e4her oder Automower, da wird die Gartenarbeit f\u00fcr Kinder ein gro\u00dfer Spa\u00df.<\/p>\n","protected":false},"author":3,"featured_media":0,"parent":0,"menu_order":0,"comment_status":"closed","ping_status":"closed","template":"","meta":{"footnotes":""},"class_list":["post-695","page","type-page","status-publish","hentry"],"_links":{"self":[{"href":"https:\/\/www.metalltechnik-fasthuber.at\/index.php?rest_route=\/wp\/v2\/pages\/695","targetHints":{"allow":["GET"]}}],"collection":[{"href":"https:\/\/www.metalltechnik-fasthuber.at\/index.php?rest_route=\/wp\/v2\/pages"}],"about":[{"href":"https:\/\/www.metalltechnik-fasthuber.at\/index.php?rest_route=\/wp\/v2\/types\/page"}],"author":[{"embeddable":true,"href":"https:\/\/www.metalltechnik-fasthuber.at\/index.php?rest_route=\/wp\/v2\/users\/3"}],"replies":[{"embeddable":true,"href":"https:\/\/www.metalltechnik-fasthuber.at\/index.php?rest_route=%2Fwp%2Fv2%2Fcomments&post=695"}],"version-history":[{"count":22,"href":"https:\/\/www.metalltechnik-fasthuber.at\/index.php?rest_route=\/wp\/v2\/pages\/695\/revisions"}],"predecessor-version":[{"id":1619,"href":"https:\/\/www.metalltechnik-fasthuber.at\/index.php?rest_route=\/wp\/v2\/pages\/695\/revisions\/1619"}],"wp:attachment":[{"href":"https:\/\/www.metalltechnik-fasthuber.at\/index.php?rest_route=%2Fwp%2Fv2%2Fmedia&parent=695"}],"curies":[{"name":"wp","href":"https:\/\/api.w.org\/{rel}","templated":true}]}}