{"id":12,"date":"2016-01-31T11:12:46","date_gmt":"2016-01-31T10:12:46","guid":{"rendered":"http:\/\/www.metalltechnik-fasthuber.at\/?page_id=12"},"modified":"2025-07-31T11:56:27","modified_gmt":"2025-07-31T09:56:27","slug":"home","status":"publish","type":"page","link":"https:\/\/www.metalltechnik-fasthuber.at\/","title":{"rendered":"Home"},"content":{"rendered":"\n<div class=\"wp-block-group alignwide\"><div class=\"wp-block-group__inner-container is-layout-constrained wp-block-group-is-layout-constrained\">\n<p class=\"has-text-align-center\">Herzlich Willkommen auf unserer Homepage!<\/p>\n\n\n\n<p class=\"has-text-align-center\">Wir sind ein qualifiziertes Team, das auf  Kundenw\u00fcnsche eingeht.<br>Egal ob Auftr\u00e4ge aus Metalltechnik (Alu, Niro, Stahl), sowie Produkte aus Land-, Forst- und Gartentechnik. <br>Wir \u00fcbernehmen alle Reparaturen und Servicearbeiten <br>f\u00fcr Ihre Ger\u00e4te.<br>Wir bieten Ihnen Kompetenz und Genauigkeit von <br>der Anfrage bis zur Bestellung, Ausfertigung, Lieferung und Montage.<\/p>\n\n\n\n<p class=\"has-text-align-center\">Wir freuen uns auf Ihre Anfrage, <br>Ihren Anruf oder Ihren Besuch.<\/p>\n<\/div><\/div>\n\n\n\n<figure class=\"wp-block-image size-large\"><img loading=\"lazy\" decoding=\"async\" width=\"1024\" height=\"683\" src=\"https:\/\/www.metalltechnik-fasthuber.at\/wp-content\/uploads\/2016\/12\/K1600_DSC_0100-1024x683.jpg\" alt=\"\" class=\"wp-image-606\" srcset=\"https:\/\/www.metalltechnik-fasthuber.at\/wp-content\/uploads\/2016\/12\/K1600_DSC_0100-1024x683.jpg 1024w, https:\/\/www.metalltechnik-fasthuber.at\/wp-content\/uploads\/2016\/12\/K1600_DSC_0100-300x200.jpg 300w, https:\/\/www.metalltechnik-fasthuber.at\/wp-content\/uploads\/2016\/12\/K1600_DSC_0100-768x512.jpg 768w, https:\/\/www.metalltechnik-fasthuber.at\/wp-content\/uploads\/2016\/12\/K1600_DSC_0100-1200x800.jpg 1200w, https:\/\/www.metalltechnik-fasthuber.at\/wp-content\/uploads\/2016\/12\/K1600_DSC_0100.jpg 1800w\" sizes=\"auto, (max-width: 1024px) 100vw, 1024px\" \/><\/figure>\n","protected":false},"excerpt":{"rendered":"<p>Herzlich Willkommen auf unserer Homepage! Wir sind ein qualifiziertes Team, das auf Kundenw\u00fcnsche eingeht.Egal ob Auftr\u00e4ge aus Metalltechnik (Alu, Niro, Stahl), sowie Produkte aus Land-, Forst- und Gartentechnik. Wir \u00fcbernehmen alle Reparaturen und Servicearbeiten f\u00fcr Ihre Ger\u00e4te.Wir bieten Ihnen Kompetenz und Genauigkeit von der Anfrage bis zur Bestellung, Ausfertigung, Lieferung und Montage. Wir freuen uns [&hellip;]<\/p>\n","protected":false},"author":3,"featured_media":0,"parent":0,"menu_order":0,"comment_status":"closed","ping_status":"closed","template":"full-width-page.php","meta":{"footnotes":""},"class_list":["post-12","page","type-page","status-publish","hentry"],"_links":{"self":[{"href":"https:\/\/www.metalltechnik-fasthuber.at\/index.php?rest_route=\/wp\/v2\/pages\/12","targetHints":{"allow":["GET"]}}],"collection":[{"href":"https:\/\/www.metalltechnik-fasthuber.at\/index.php?rest_route=\/wp\/v2\/pages"}],"about":[{"href":"https:\/\/www.metalltechnik-fasthuber.at\/index.php?rest_route=\/wp\/v2\/types\/page"}],"author":[{"embeddable":true,"href":"https:\/\/www.metalltechnik-fasthuber.at\/index.php?rest_route=\/wp\/v2\/users\/3"}],"replies":[{"embeddable":true,"href":"https:\/\/www.metalltechnik-fasthuber.at\/index.php?rest_route=%2Fwp%2Fv2%2Fcomments&post=12"}],"version-history":[{"count":18,"href":"https:\/\/www.metalltechnik-fasthuber.at\/index.php?rest_route=\/wp\/v2\/pages\/12\/revisions"}],"predecessor-version":[{"id":1643,"href":"https:\/\/www.metalltechnik-fasthuber.at\/index.php?rest_route=\/wp\/v2\/pages\/12\/revisions\/1643"}],"wp:attachment":[{"href":"https:\/\/www.metalltechnik-fasthuber.at\/index.php?rest_route=%2Fwp%2Fv2%2Fmedia&parent=12"}],"curies":[{"name":"wp","href":"https:\/\/api.w.org\/{rel}","templated":true}]}}